{"id":733,"date":"2024-11-21T11:09:27","date_gmt":"2024-11-21T11:09:27","guid":{"rendered":"https:\/\/www.sosguepes90.fr\/?page_id=733"},"modified":"2024-12-10T11:47:23","modified_gmt":"2024-12-10T11:47:23","slug":"zones-dintervention","status":"publish","type":"page","link":"https:\/\/www.sosguepes90.fr\/index.php\/zones-dintervention\/","title":{"rendered":"Zones d&rsquo;intervention"},"content":{"rendered":"\t\t<div data-elementor-type=\"wp-page\" data-elementor-id=\"733\" class=\"elementor elementor-733\" data-elementor-post-type=\"page\">\n\t\t\t\t<div class=\"elementor-element elementor-element-a2b0572 e-con-full e-flex e-con e-parent\" data-id=\"a2b0572\" data-element_type=\"container\" data-e-type=\"container\" data-settings=\"{&quot;background_background&quot;:&quot;classic&quot;}\">\n\t\t\t\t<div class=\"elementor-element elementor-element-9fa02be elementor-widget elementor-widget-spacer\" data-id=\"9fa02be\" data-element_type=\"widget\" data-e-type=\"widget\" data-widget_type=\"spacer.default\">\n\t\t\t\t<div class=\"elementor-widget-container\">\n\t\t\t\t\t\t\t<div class=\"elementor-spacer\">\n\t\t\t<div class=\"elementor-spacer-inner\"><\/div>\n\t\t<\/div>\n\t\t\t\t\t\t<\/div>\n\t\t\t\t<\/div>\n\t\t\t\t<\/div>\n\t\t<div class=\"elementor-element elementor-element-b80b5b4 e-flex e-con-boxed e-con e-parent\" data-id=\"b80b5b4\" data-element_type=\"container\" data-e-type=\"container\">\n\t\t\t\t\t<div class=\"e-con-inner\">\n\t\t<div class=\"elementor-element elementor-element-57f97ca e-con-full e-flex e-con e-child\" data-id=\"57f97ca\" data-element_type=\"container\" data-e-type=\"container\">\n\t\t\t\t<div class=\"elementor-element elementor-element-e998d21 elementor-widget elementor-widget-image\" data-id=\"e998d21\" data-element_type=\"widget\" data-e-type=\"widget\" data-widget_type=\"image.default\">\n\t\t\t\t<div class=\"elementor-widget-container\">\n\t\t\t\t\t\t\t\t\t\t\t\t<figure class=\"wp-caption\">\n\t\t\t\t\t\t\t\t\t\t\t<a href=\"https:\/\/www.sosguepes90.fr\/index.php\/eliminations-frelons-90\">\n\t\t\t\t\t\t\t<img fetchpriority=\"high\" decoding=\"async\" width=\"800\" height=\"535\" src=\"https:\/\/www.sosguepes90.fr\/wp-content\/uploads\/2024\/10\/vecteezy_single-hornet-in-the-summer_6179185-1024x685.jpg\" class=\"attachment-large size-large wp-image-286\" alt=\"A quoi ressemble un frelon europ\u00e9en ?\" srcset=\"https:\/\/www.sosguepes90.fr\/wp-content\/uploads\/2024\/10\/vecteezy_single-hornet-in-the-summer_6179185-1024x685.jpg 1024w, https:\/\/www.sosguepes90.fr\/wp-content\/uploads\/2024\/10\/vecteezy_single-hornet-in-the-summer_6179185-300x201.jpg 300w, https:\/\/www.sosguepes90.fr\/wp-content\/uploads\/2024\/10\/vecteezy_single-hornet-in-the-summer_6179185-768x514.jpg 768w, https:\/\/www.sosguepes90.fr\/wp-content\/uploads\/2024\/10\/vecteezy_single-hornet-in-the-summer_6179185-1536x1028.jpg 1536w, https:\/\/www.sosguepes90.fr\/wp-content\/uploads\/2024\/10\/vecteezy_single-hornet-in-the-summer_6179185-2048x1371.jpg 2048w\" sizes=\"(max-width: 800px) 100vw, 800px\" \/>\t\t\t\t\t\t\t\t<\/a>\n\t\t\t\t\t\t\t\t\t\t\t<figcaption class=\"widget-image-caption wp-caption-text\">Frelons<\/figcaption>\n\t\t\t\t\t\t\t\t\t\t<\/figure>\n\t\t\t\t\t\t\t\t\t<\/div>\n\t\t\t\t<\/div>\n\t\t\t\t<\/div>\n\t\t<div class=\"elementor-element elementor-element-e531d06 e-con-full e-flex e-con e-child\" data-id=\"e531d06\" data-element_type=\"container\" data-e-type=\"container\">\n\t\t\t\t<div class=\"elementor-element elementor-element-f53c5a4 elementor-widget elementor-widget-image\" data-id=\"f53c5a4\" data-element_type=\"widget\" data-e-type=\"widget\" data-widget_type=\"image.default\">\n\t\t\t\t<div class=\"elementor-widget-container\">\n\t\t\t\t\t\t\t\t\t\t\t\t<figure class=\"wp-caption\">\n\t\t\t\t\t\t\t\t\t\t\t<a href=\"https:\/\/www.sosguepes90.fr\/index.php\/guepes-belfort\">\n\t\t\t\t\t\t\t<img decoding=\"async\" width=\"800\" height=\"534\" src=\"https:\/\/www.sosguepes90.fr\/wp-content\/uploads\/2024\/10\/vecteezy_striped-dangerous-wasp-crawls-on-a-plant_7195261-1024x683.jpg\" class=\"attachment-large size-large wp-image-285\" alt=\"A quoi ressemble une gu\u00eape ?\" srcset=\"https:\/\/www.sosguepes90.fr\/wp-content\/uploads\/2024\/10\/vecteezy_striped-dangerous-wasp-crawls-on-a-plant_7195261-1024x683.jpg 1024w, https:\/\/www.sosguepes90.fr\/wp-content\/uploads\/2024\/10\/vecteezy_striped-dangerous-wasp-crawls-on-a-plant_7195261-300x200.jpg 300w, https:\/\/www.sosguepes90.fr\/wp-content\/uploads\/2024\/10\/vecteezy_striped-dangerous-wasp-crawls-on-a-plant_7195261-768x512.jpg 768w, https:\/\/www.sosguepes90.fr\/wp-content\/uploads\/2024\/10\/vecteezy_striped-dangerous-wasp-crawls-on-a-plant_7195261-1536x1024.jpg 1536w, https:\/\/www.sosguepes90.fr\/wp-content\/uploads\/2024\/10\/vecteezy_striped-dangerous-wasp-crawls-on-a-plant_7195261-2048x1365.jpg 2048w\" sizes=\"(max-width: 800px) 100vw, 800px\" \/>\t\t\t\t\t\t\t\t<\/a>\n\t\t\t\t\t\t\t\t\t\t\t<figcaption class=\"widget-image-caption wp-caption-text\">Gu\u00eapes<\/figcaption>\n\t\t\t\t\t\t\t\t\t\t<\/figure>\n\t\t\t\t\t\t\t\t\t<\/div>\n\t\t\t\t<\/div>\n\t\t\t\t<\/div>\n\t\t<div class=\"elementor-element elementor-element-037abf4 e-con-full e-flex e-con e-child\" data-id=\"037abf4\" data-element_type=\"container\" data-e-type=\"container\">\n\t\t\t\t<div class=\"elementor-element elementor-element-f594187 elementor-widget__width-initial elementor-widget elementor-widget-image\" data-id=\"f594187\" data-element_type=\"widget\" data-e-type=\"widget\" data-widget_type=\"image.default\">\n\t\t\t\t<div class=\"elementor-widget-container\">\n\t\t\t\t\t\t\t\t\t\t\t\t<figure class=\"wp-caption\">\n\t\t\t\t\t\t\t\t\t\t\t<a href=\"https:\/\/www.sosguepes90.fr\/index.php\/bourdons\">\n\t\t\t\t\t\t\t<img decoding=\"async\" width=\"800\" height=\"613\" src=\"https:\/\/www.sosguepes90.fr\/wp-content\/uploads\/2024\/10\/vecteezy_bumblebee-on-daisy-flower_1432856-1024x785.jpeg\" class=\"attachment-large size-large wp-image-279\" alt=\"A quoi ressemble un bourdon ?\" srcset=\"https:\/\/www.sosguepes90.fr\/wp-content\/uploads\/2024\/10\/vecteezy_bumblebee-on-daisy-flower_1432856-1024x785.jpeg 1024w, https:\/\/www.sosguepes90.fr\/wp-content\/uploads\/2024\/10\/vecteezy_bumblebee-on-daisy-flower_1432856-300x230.jpeg 300w, https:\/\/www.sosguepes90.fr\/wp-content\/uploads\/2024\/10\/vecteezy_bumblebee-on-daisy-flower_1432856-768x588.jpeg 768w, https:\/\/www.sosguepes90.fr\/wp-content\/uploads\/2024\/10\/vecteezy_bumblebee-on-daisy-flower_1432856-1536x1177.jpeg 1536w, https:\/\/www.sosguepes90.fr\/wp-content\/uploads\/2024\/10\/vecteezy_bumblebee-on-daisy-flower_1432856-2048x1569.jpeg 2048w\" sizes=\"(max-width: 800px) 100vw, 800px\" \/>\t\t\t\t\t\t\t\t<\/a>\n\t\t\t\t\t\t\t\t\t\t\t<figcaption class=\"widget-image-caption wp-caption-text\">Bourdons<\/figcaption>\n\t\t\t\t\t\t\t\t\t\t<\/figure>\n\t\t\t\t\t\t\t\t\t<\/div>\n\t\t\t\t<\/div>\n\t\t\t\t<\/div>\n\t\t<div class=\"elementor-element elementor-element-95c7235 e-con-full e-flex e-con e-child\" data-id=\"95c7235\" data-element_type=\"container\" data-e-type=\"container\">\n\t\t\t\t<div class=\"elementor-element elementor-element-601994d elementor-widget elementor-widget-image\" data-id=\"601994d\" data-element_type=\"widget\" data-e-type=\"widget\" data-widget_type=\"image.default\">\n\t\t\t\t<div class=\"elementor-widget-container\">\n\t\t\t\t\t\t\t\t\t\t\t\t<figure class=\"wp-caption\">\n\t\t\t\t\t\t\t\t\t\t\t<a href=\"https:\/\/www.sosguepes90.fr\/index.php\/recuperer-un-essaim\">\n\t\t\t\t\t\t\t<img loading=\"lazy\" decoding=\"async\" width=\"800\" height=\"534\" src=\"https:\/\/www.sosguepes90.fr\/wp-content\/uploads\/2024\/10\/vecteezy_bee-on-an-almond-blossom_2307582-1024x684.jpg\" class=\"attachment-large size-large wp-image-284\" alt=\"A quoi ressemble une abeille ?\" srcset=\"https:\/\/www.sosguepes90.fr\/wp-content\/uploads\/2024\/10\/vecteezy_bee-on-an-almond-blossom_2307582-1024x684.jpg 1024w, https:\/\/www.sosguepes90.fr\/wp-content\/uploads\/2024\/10\/vecteezy_bee-on-an-almond-blossom_2307582-300x200.jpg 300w, https:\/\/www.sosguepes90.fr\/wp-content\/uploads\/2024\/10\/vecteezy_bee-on-an-almond-blossom_2307582-768x513.jpg 768w, https:\/\/www.sosguepes90.fr\/wp-content\/uploads\/2024\/10\/vecteezy_bee-on-an-almond-blossom_2307582-1536x1025.jpg 1536w, https:\/\/www.sosguepes90.fr\/wp-content\/uploads\/2024\/10\/vecteezy_bee-on-an-almond-blossom_2307582-2048x1367.jpg 2048w\" sizes=\"(max-width: 800px) 100vw, 800px\" \/>\t\t\t\t\t\t\t\t<\/a>\n\t\t\t\t\t\t\t\t\t\t\t<figcaption class=\"widget-image-caption wp-caption-text\">Abeilles<\/figcaption>\n\t\t\t\t\t\t\t\t\t\t<\/figure>\n\t\t\t\t\t\t\t\t\t<\/div>\n\t\t\t\t<\/div>\n\t\t\t\t<\/div>\n\t\t\t\t\t<\/div>\n\t\t\t\t<\/div>\n\t\t<div class=\"elementor-element elementor-element-ba02428 e-flex e-con-boxed e-con e-parent\" data-id=\"ba02428\" data-element_type=\"container\" data-e-type=\"container\">\n\t\t\t\t\t<div class=\"e-con-inner\">\n\t\t\t\t<div class=\"elementor-element elementor-element-d21f0fe elementor-widget elementor-widget-spacer\" data-id=\"d21f0fe\" data-element_type=\"widget\" data-e-type=\"widget\" data-widget_type=\"spacer.default\">\n\t\t\t\t<div class=\"elementor-widget-container\">\n\t\t\t\t\t\t\t<div class=\"elementor-spacer\">\n\t\t\t<div class=\"elementor-spacer-inner\"><\/div>\n\t\t<\/div>\n\t\t\t\t\t\t<\/div>\n\t\t\t\t<\/div>\n\t\t\t\t<div class=\"elementor-element elementor-element-e4058e0 elementor-widget elementor-widget-heading\" data-id=\"e4058e0\" data-element_type=\"widget\" data-e-type=\"widget\" data-widget_type=\"heading.default\">\n\t\t\t\t<div class=\"elementor-widget-container\">\n\t\t\t\t\t<h2 class=\"elementor-heading-title elementor-size-default\">Nous intervenons dans un rayon de 30 km autour de Belfort<\/h2>\t\t\t\t<\/div>\n\t\t\t\t<\/div>\n\t\t\t\t<div class=\"elementor-element elementor-element-b923204 elementor-widget elementor-widget-spacer\" data-id=\"b923204\" data-element_type=\"widget\" data-e-type=\"widget\" data-widget_type=\"spacer.default\">\n\t\t\t\t<div class=\"elementor-widget-container\">\n\t\t\t\t\t\t\t<div class=\"elementor-spacer\">\n\t\t\t<div class=\"elementor-spacer-inner\"><\/div>\n\t\t<\/div>\n\t\t\t\t\t\t<\/div>\n\t\t\t\t<\/div>\n\t\t\t\t\t<\/div>\n\t\t\t\t<\/div>\n\t\t<div class=\"elementor-element elementor-element-0dc5ad2 e-flex e-con-boxed e-con e-parent\" data-id=\"0dc5ad2\" data-element_type=\"container\" data-e-type=\"container\">\n\t\t\t\t\t<div class=\"e-con-inner\">\n\t\t\t\t<div class=\"elementor-element elementor-element-13f2ae9 elementor-widget elementor-widget-html\" data-id=\"13f2ae9\" data-element_type=\"widget\" data-e-type=\"widget\" data-widget_type=\"html.default\">\n\t\t\t\t<div class=\"elementor-widget-container\">\n\t\t\t\t\t<div style=\"display: flex; flex-direction: column; align-items: center;\"> <iframe title=\"Smappen - Carte partag\u00e9e\" width=\"800\" height=\"500\" src=\"https:\/\/www.smappen.fr\/app\/iframe\/0oy97RsfNSpgj6Vk\" frameborder=\"0\" allowfullscreen> <\/iframe> <div style=\"text-align: center\"> <i style=\"font-size: 0.6rem\"> Carte r\u00e9alis\u00e9e sur <a href=\"https:\/\/www.smappen.fr\" target=\"_blank\"> smappen <\/a> <\/i> <\/div> <\/div>\t\t\t\t<\/div>\n\t\t\t\t<\/div>\n\t\t\t\t\t<\/div>\n\t\t\t\t<\/div>\n\t\t<div class=\"elementor-element elementor-element-42720d3 e-flex e-con-boxed e-con e-parent\" data-id=\"42720d3\" data-element_type=\"container\" data-e-type=\"container\">\n\t\t\t\t\t<div class=\"e-con-inner\">\n\t\t<div class=\"elementor-element elementor-element-fba03b2 e-con-full e-flex e-con e-child\" data-id=\"fba03b2\" data-element_type=\"container\" data-e-type=\"container\">\n\t\t\t\t<div class=\"elementor-element elementor-element-14b83be elementor-widget elementor-widget-image\" data-id=\"14b83be\" data-element_type=\"widget\" data-e-type=\"widget\" data-widget_type=\"image.default\">\n\t\t\t\t<div class=\"elementor-widget-container\">\n\t\t\t\t\t\t\t\t\t\t\t\t\t\t\t<img loading=\"lazy\" decoding=\"async\" width=\"710\" height=\"351\" src=\"https:\/\/www.sosguepes90.fr\/wp-content\/uploads\/2024\/10\/logo_pour_site-sans_fond.png\" class=\"attachment-large size-large wp-image-199\" alt=\"\" srcset=\"https:\/\/www.sosguepes90.fr\/wp-content\/uploads\/2024\/10\/logo_pour_site-sans_fond.png 710w, https:\/\/www.sosguepes90.fr\/wp-content\/uploads\/2024\/10\/logo_pour_site-sans_fond-300x148.png 300w\" sizes=\"(max-width: 710px) 100vw, 710px\" \/>\t\t\t\t\t\t\t\t\t\t\t\t\t\t\t<\/div>\n\t\t\t\t<\/div>\n\t\t\t\t<\/div>\n\t\t<div class=\"elementor-element elementor-element-6becf8f e-con-full e-flex e-con e-child\" data-id=\"6becf8f\" data-element_type=\"container\" data-e-type=\"container\">\n\t\t\t\t<div class=\"elementor-element elementor-element-60d66e6 elementor-widget elementor-widget-text-editor\" data-id=\"60d66e6\" data-element_type=\"widget\" data-e-type=\"widget\" data-widget_type=\"text-editor.default\">\n\t\t\t\t<div class=\"elementor-widget-container\">\n\t\t\t\t\t\t\t\t\t<p><strong>SOS GUEPES 90<br \/>1, rue des Acacias<br \/>90160 Denney<br \/><\/strong><\/p>\t\t\t\t\t\t\t\t<\/div>\n\t\t\t\t<\/div>\n\t\t\t\t<\/div>\n\t\t<div class=\"elementor-element elementor-element-7a83d25 e-con-full e-flex e-con e-child\" data-id=\"7a83d25\" data-element_type=\"container\" data-e-type=\"container\">\n\t\t\t\t<div class=\"elementor-element elementor-element-d142f76 elementor-align-center elementor-widget elementor-widget-button\" data-id=\"d142f76\" data-element_type=\"widget\" data-e-type=\"widget\" data-widget_type=\"button.default\">\n\t\t\t\t<div class=\"elementor-widget-container\">\n\t\t\t\t\t\t\t\t\t<div class=\"elementor-button-wrapper\">\n\t\t\t\t\t<a class=\"elementor-button elementor-button-link elementor-size-sm\" href=\"\/index.php\/sos-guepes-90\">\n\t\t\t\t\t\t<span class=\"elementor-button-content-wrapper\">\n\t\t\t\t\t\t<span class=\"elementor-button-icon\">\n\t\t\t\t<svg aria-hidden=\"true\" class=\"e-font-icon-svg e-fas-map-pin\" viewBox=\"0 0 288 512\" xmlns=\"http:\/\/www.w3.org\/2000\/svg\"><path d=\"M112 316.94v156.69l22.02 33.02c4.75 7.12 15.22 7.12 19.97 0L176 473.63V316.94c-10.39 1.92-21.06 3.06-32 3.06s-21.61-1.14-32-3.06zM144 0C64.47 0 0 64.47 0 144s64.47 144 144 144 144-64.47 144-144S223.53 0 144 0zm0 76c-37.5 0-68 30.5-68 68 0 6.62-5.38 12-12 12s-12-5.38-12-12c0-50.73 41.28-92 92-92 6.62 0 12 5.38 12 12s-5.38 12-12 12z\"><\/path><\/svg>\t\t\t<\/span>\n\t\t\t\t\t\t\t\t\t<span class=\"elementor-button-text\">Acc\u00e8s et horaires d'ouverture<\/span>\n\t\t\t\t\t<\/span>\n\t\t\t\t\t<\/a>\n\t\t\t\t<\/div>\n\t\t\t\t\t\t\t\t<\/div>\n\t\t\t\t<\/div>\n\t\t\t\t<\/div>\n\t\t\t\t\t<\/div>\n\t\t\t\t<\/div>\n\t\t\t\t<\/div>\n\t\t","protected":false},"excerpt":{"rendered":"<p>Frelons Gu\u00eapes Bourdons Abeilles Nous intervenons dans un rayon de 30 km autour de Belfort Carte r\u00e9alis\u00e9e sur smappen SOS GUEPES 901, rue des Acacias90160 Denney Acc\u00e8s et horaires d&rsquo;ouverture<\/p>\n","protected":false},"author":1,"featured_media":0,"parent":0,"menu_order":0,"comment_status":"closed","ping_status":"closed","template":"","meta":{"footnotes":""},"class_list":["post-733","page","type-page","status-publish","hentry"],"yoast_head":"<!-- This site is optimized with the Yoast SEO plugin v27.4 - https:\/\/yoast.com\/product\/yoast-seo-wordpress\/ -->\n<title>Zones d&#039;intervention - SOS GUEPES 90<\/title>\n<meta name=\"robots\" content=\"index, follow, max-snippet:-1, max-image-preview:large, max-video-preview:-1\" \/>\n<link rel=\"canonical\" href=\"https:\/\/www.sosguepes90.fr\/index.php\/zones-dintervention\/\" \/>\n<meta property=\"og:locale\" content=\"fr_FR\" \/>\n<meta property=\"og:type\" content=\"article\" \/>\n<meta property=\"og:title\" content=\"Zones d&#039;intervention - SOS GUEPES 90\" \/>\n<meta property=\"og:description\" content=\"Frelons Gu\u00eapes Bourdons Abeilles Nous intervenons dans un rayon de 30 km autour de Belfort Carte r\u00e9alis\u00e9e sur smappen SOS GUEPES 901, rue des Acacias90160 Denney Acc\u00e8s et horaires d&rsquo;ouverture\" \/>\n<meta property=\"og:url\" content=\"https:\/\/www.sosguepes90.fr\/index.php\/zones-dintervention\/\" \/>\n<meta property=\"og:site_name\" content=\"SOS GUEPES 90\" \/>\n<meta property=\"article:modified_time\" content=\"2024-12-10T11:47:23+00:00\" \/>\n<meta property=\"og:image\" content=\"https:\/\/www.sosguepes90.fr\/wp-content\/uploads\/2024\/10\/vecteezy_single-hornet-in-the-summer_6179185-scaled.jpg\" \/>\n\t<meta property=\"og:image:width\" content=\"2560\" \/>\n\t<meta property=\"og:image:height\" content=\"1714\" \/>\n\t<meta property=\"og:image:type\" content=\"image\/jpeg\" \/>\n<meta name=\"twitter:card\" content=\"summary_large_image\" \/>\n<meta name=\"twitter:label1\" content=\"Dur\u00e9e de lecture estim\u00e9e\" \/>\n\t<meta name=\"twitter:data1\" content=\"2 minutes\" \/>\n<script type=\"application\/ld+json\" class=\"yoast-schema-graph\">{\"@context\":\"https:\\\/\\\/schema.org\",\"@graph\":[{\"@type\":\"WebPage\",\"@id\":\"https:\\\/\\\/www.sosguepes90.fr\\\/index.php\\\/zones-dintervention\\\/\",\"url\":\"https:\\\/\\\/www.sosguepes90.fr\\\/index.php\\\/zones-dintervention\\\/\",\"name\":\"Zones d'intervention - SOS GUEPES 90\",\"isPartOf\":{\"@id\":\"https:\\\/\\\/www.sosguepes90.fr\\\/#website\"},\"primaryImageOfPage\":{\"@id\":\"https:\\\/\\\/www.sosguepes90.fr\\\/index.php\\\/zones-dintervention\\\/#primaryimage\"},\"image\":{\"@id\":\"https:\\\/\\\/www.sosguepes90.fr\\\/index.php\\\/zones-dintervention\\\/#primaryimage\"},\"thumbnailUrl\":\"https:\\\/\\\/www.sosguepes90.fr\\\/wp-content\\\/uploads\\\/2024\\\/10\\\/vecteezy_single-hornet-in-the-summer_6179185-1024x685.jpg\",\"datePublished\":\"2024-11-21T11:09:27+00:00\",\"dateModified\":\"2024-12-10T11:47:23+00:00\",\"breadcrumb\":{\"@id\":\"https:\\\/\\\/www.sosguepes90.fr\\\/index.php\\\/zones-dintervention\\\/#breadcrumb\"},\"inLanguage\":\"fr-FR\",\"potentialAction\":[{\"@type\":\"ReadAction\",\"target\":[\"https:\\\/\\\/www.sosguepes90.fr\\\/index.php\\\/zones-dintervention\\\/\"]}]},{\"@type\":\"ImageObject\",\"inLanguage\":\"fr-FR\",\"@id\":\"https:\\\/\\\/www.sosguepes90.fr\\\/index.php\\\/zones-dintervention\\\/#primaryimage\",\"url\":\"https:\\\/\\\/www.sosguepes90.fr\\\/wp-content\\\/uploads\\\/2024\\\/10\\\/vecteezy_single-hornet-in-the-summer_6179185-scaled.jpg\",\"contentUrl\":\"https:\\\/\\\/www.sosguepes90.fr\\\/wp-content\\\/uploads\\\/2024\\\/10\\\/vecteezy_single-hornet-in-the-summer_6179185-scaled.jpg\",\"width\":2560,\"height\":1714,\"caption\":\"A quoi ressemble un frelon europ\u00e9en ?\"},{\"@type\":\"BreadcrumbList\",\"@id\":\"https:\\\/\\\/www.sosguepes90.fr\\\/index.php\\\/zones-dintervention\\\/#breadcrumb\",\"itemListElement\":[{\"@type\":\"ListItem\",\"position\":1,\"name\":\"Accueil\",\"item\":\"https:\\\/\\\/www.sosguepes90.fr\\\/\"},{\"@type\":\"ListItem\",\"position\":2,\"name\":\"Zones d&rsquo;intervention\"}]},{\"@type\":\"WebSite\",\"@id\":\"https:\\\/\\\/www.sosguepes90.fr\\\/#website\",\"url\":\"https:\\\/\\\/www.sosguepes90.fr\\\/\",\"name\":\"SOS GUEPES 90\",\"description\":\"Destruction de nids de gu\u00eapes et frelons\",\"publisher\":{\"@id\":\"https:\\\/\\\/www.sosguepes90.fr\\\/#organization\"},\"potentialAction\":[{\"@type\":\"SearchAction\",\"target\":{\"@type\":\"EntryPoint\",\"urlTemplate\":\"https:\\\/\\\/www.sosguepes90.fr\\\/?s={search_term_string}\"},\"query-input\":{\"@type\":\"PropertyValueSpecification\",\"valueRequired\":true,\"valueName\":\"search_term_string\"}}],\"inLanguage\":\"fr-FR\"},{\"@type\":\"Organization\",\"@id\":\"https:\\\/\\\/www.sosguepes90.fr\\\/#organization\",\"name\":\"SOS GUEPES 90\",\"url\":\"https:\\\/\\\/www.sosguepes90.fr\\\/\",\"logo\":{\"@type\":\"ImageObject\",\"inLanguage\":\"fr-FR\",\"@id\":\"https:\\\/\\\/www.sosguepes90.fr\\\/#\\\/schema\\\/logo\\\/image\\\/\",\"url\":\"https:\\\/\\\/www.sosguepes90.fr\\\/wp-content\\\/uploads\\\/2024\\\/10\\\/logo-pour-site-scaled.jpg\",\"contentUrl\":\"https:\\\/\\\/www.sosguepes90.fr\\\/wp-content\\\/uploads\\\/2024\\\/10\\\/logo-pour-site-scaled.jpg\",\"width\":2560,\"height\":1266,\"caption\":\"SOS GUEPES 90\"},\"image\":{\"@id\":\"https:\\\/\\\/www.sosguepes90.fr\\\/#\\\/schema\\\/logo\\\/image\\\/\"}}]}<\/script>\n<!-- \/ Yoast SEO plugin. -->","yoast_head_json":{"title":"Zones d'intervention - SOS GUEPES 90","robots":{"index":"index","follow":"follow","max-snippet":"max-snippet:-1","max-image-preview":"max-image-preview:large","max-video-preview":"max-video-preview:-1"},"canonical":"https:\/\/www.sosguepes90.fr\/index.php\/zones-dintervention\/","og_locale":"fr_FR","og_type":"article","og_title":"Zones d'intervention - SOS GUEPES 90","og_description":"Frelons Gu\u00eapes Bourdons Abeilles Nous intervenons dans un rayon de 30 km autour de Belfort Carte r\u00e9alis\u00e9e sur smappen SOS GUEPES 901, rue des Acacias90160 Denney Acc\u00e8s et horaires d&rsquo;ouverture","og_url":"https:\/\/www.sosguepes90.fr\/index.php\/zones-dintervention\/","og_site_name":"SOS GUEPES 90","article_modified_time":"2024-12-10T11:47:23+00:00","og_image":[{"width":2560,"height":1714,"url":"https:\/\/www.sosguepes90.fr\/wp-content\/uploads\/2024\/10\/vecteezy_single-hornet-in-the-summer_6179185-scaled.jpg","type":"image\/jpeg"}],"twitter_card":"summary_large_image","twitter_misc":{"Dur\u00e9e de lecture estim\u00e9e":"2 minutes"},"schema":{"@context":"https:\/\/schema.org","@graph":[{"@type":"WebPage","@id":"https:\/\/www.sosguepes90.fr\/index.php\/zones-dintervention\/","url":"https:\/\/www.sosguepes90.fr\/index.php\/zones-dintervention\/","name":"Zones d'intervention - SOS GUEPES 90","isPartOf":{"@id":"https:\/\/www.sosguepes90.fr\/#website"},"primaryImageOfPage":{"@id":"https:\/\/www.sosguepes90.fr\/index.php\/zones-dintervention\/#primaryimage"},"image":{"@id":"https:\/\/www.sosguepes90.fr\/index.php\/zones-dintervention\/#primaryimage"},"thumbnailUrl":"https:\/\/www.sosguepes90.fr\/wp-content\/uploads\/2024\/10\/vecteezy_single-hornet-in-the-summer_6179185-1024x685.jpg","datePublished":"2024-11-21T11:09:27+00:00","dateModified":"2024-12-10T11:47:23+00:00","breadcrumb":{"@id":"https:\/\/www.sosguepes90.fr\/index.php\/zones-dintervention\/#breadcrumb"},"inLanguage":"fr-FR","potentialAction":[{"@type":"ReadAction","target":["https:\/\/www.sosguepes90.fr\/index.php\/zones-dintervention\/"]}]},{"@type":"ImageObject","inLanguage":"fr-FR","@id":"https:\/\/www.sosguepes90.fr\/index.php\/zones-dintervention\/#primaryimage","url":"https:\/\/www.sosguepes90.fr\/wp-content\/uploads\/2024\/10\/vecteezy_single-hornet-in-the-summer_6179185-scaled.jpg","contentUrl":"https:\/\/www.sosguepes90.fr\/wp-content\/uploads\/2024\/10\/vecteezy_single-hornet-in-the-summer_6179185-scaled.jpg","width":2560,"height":1714,"caption":"A quoi ressemble un frelon europ\u00e9en ?"},{"@type":"BreadcrumbList","@id":"https:\/\/www.sosguepes90.fr\/index.php\/zones-dintervention\/#breadcrumb","itemListElement":[{"@type":"ListItem","position":1,"name":"Accueil","item":"https:\/\/www.sosguepes90.fr\/"},{"@type":"ListItem","position":2,"name":"Zones d&rsquo;intervention"}]},{"@type":"WebSite","@id":"https:\/\/www.sosguepes90.fr\/#website","url":"https:\/\/www.sosguepes90.fr\/","name":"SOS GUEPES 90","description":"Destruction de nids de gu\u00eapes et frelons","publisher":{"@id":"https:\/\/www.sosguepes90.fr\/#organization"},"potentialAction":[{"@type":"SearchAction","target":{"@type":"EntryPoint","urlTemplate":"https:\/\/www.sosguepes90.fr\/?s={search_term_string}"},"query-input":{"@type":"PropertyValueSpecification","valueRequired":true,"valueName":"search_term_string"}}],"inLanguage":"fr-FR"},{"@type":"Organization","@id":"https:\/\/www.sosguepes90.fr\/#organization","name":"SOS GUEPES 90","url":"https:\/\/www.sosguepes90.fr\/","logo":{"@type":"ImageObject","inLanguage":"fr-FR","@id":"https:\/\/www.sosguepes90.fr\/#\/schema\/logo\/image\/","url":"https:\/\/www.sosguepes90.fr\/wp-content\/uploads\/2024\/10\/logo-pour-site-scaled.jpg","contentUrl":"https:\/\/www.sosguepes90.fr\/wp-content\/uploads\/2024\/10\/logo-pour-site-scaled.jpg","width":2560,"height":1266,"caption":"SOS GUEPES 90"},"image":{"@id":"https:\/\/www.sosguepes90.fr\/#\/schema\/logo\/image\/"}}]}},"_links":{"self":[{"href":"https:\/\/www.sosguepes90.fr\/index.php\/wp-json\/wp\/v2\/pages\/733","targetHints":{"allow":["GET"]}}],"collection":[{"href":"https:\/\/www.sosguepes90.fr\/index.php\/wp-json\/wp\/v2\/pages"}],"about":[{"href":"https:\/\/www.sosguepes90.fr\/index.php\/wp-json\/wp\/v2\/types\/page"}],"author":[{"embeddable":true,"href":"https:\/\/www.sosguepes90.fr\/index.php\/wp-json\/wp\/v2\/users\/1"}],"replies":[{"embeddable":true,"href":"https:\/\/www.sosguepes90.fr\/index.php\/wp-json\/wp\/v2\/comments?post=733"}],"version-history":[{"count":46,"href":"https:\/\/www.sosguepes90.fr\/index.php\/wp-json\/wp\/v2\/pages\/733\/revisions"}],"predecessor-version":[{"id":1487,"href":"https:\/\/www.sosguepes90.fr\/index.php\/wp-json\/wp\/v2\/pages\/733\/revisions\/1487"}],"wp:attachment":[{"href":"https:\/\/www.sosguepes90.fr\/index.php\/wp-json\/wp\/v2\/media?parent=733"}],"curies":[{"name":"wp","href":"https:\/\/api.w.org\/{rel}","templated":true}]}}